{"id":439,"date":"2023-06-29T08:51:14","date_gmt":"2023-06-29T08:51:14","guid":{"rendered":"https:\/\/encopec.es\/?page_id=439"},"modified":"2023-07-14T14:08:18","modified_gmt":"2023-07-14T14:08:18","slug":"creacion-de-estructuras-de-hormigon","status":"publish","type":"page","link":"https:\/\/encopec.es\/ca\/creacion-de-estructuras-de-hormigon\/","title":{"rendered":"Creaci\u00f3 d'estructures de formig\u00f3"},"content":{"rendered":"<div data-elementor-type=\"wp-page\" data-elementor-id=\"439\" class=\"elementor elementor-439\">\n\t\t\t\t\t\t<section class=\"elementor-section elementor-top-section elementor-element elementor-element-c5a508f elementor-section-boxed elementor-section-height-default elementor-section-height-default wpr-particle-no wpr-jarallax-no wpr-parallax-no wpr-sticky-section-no\" data-id=\"c5a508f\" data-element_type=\"section\">\n\t\t\t\t\t\t<div class=\"elementor-container elementor-column-gap-default\">\n\t\t\t\t\t<div class=\"elementor-column elementor-col-100 elementor-top-column elementor-element elementor-element-b99eeac\" data-id=\"b99eeac\" data-element_type=\"column\">\n\t\t\t<div class=\"elementor-widget-wrap elementor-element-populated\">\n\t\t\t\t\t\t<div class=\"elementor-element elementor-element-fefddb0 elementor-widget__width-inherit elementor-widget elementor-widget-text-editor\" data-id=\"fefddb0\" data-element_type=\"widget\" data-widget_type=\"text-editor.default\">\n\t\t\t\t<div class=\"elementor-widget-container\">\n\t\t\t<style>\/*! elementor - v3.23.0 - 25-07-2024 *\/\n.elementor-widget-text-editor.elementor-drop-cap-view-stacked .elementor-drop-cap{background-color:#69727d;color:#fff}.elementor-widget-text-editor.elementor-drop-cap-view-framed .elementor-drop-cap{color:#69727d;border:3px solid;background-color:transparent}.elementor-widget-text-editor:not(.elementor-drop-cap-view-default) .elementor-drop-cap{margin-top:8px}.elementor-widget-text-editor:not(.elementor-drop-cap-view-default) .elementor-drop-cap-letter{width:1em;height:1em}.elementor-widget-text-editor .elementor-drop-cap{float:left;text-align:center;line-height:1;font-size:50px}.elementor-widget-text-editor .elementor-drop-cap-letter{display:inline-block}<\/style>\t\t\t\t<p>estructures de formig\u00f3<\/p>\t\t\t\t\t\t<\/div>\n\t\t\t\t<\/div>\n\t\t\t\t<div class=\"elementor-element elementor-element-01153a8 elementor-widget elementor-widget-heading\" data-id=\"01153a8\" data-element_type=\"widget\" data-widget_type=\"heading.default\">\n\t\t\t\t<div class=\"elementor-widget-container\">\n\t\t\t<style>\/*! elementor - v3.23.0 - 25-07-2024 *\/\n.elementor-heading-title{padding:0;margin:0;line-height:1}.elementor-widget-heading .elementor-heading-title[class*=elementor-size-]>a{color:inherit;font-size:inherit;line-height:inherit}.elementor-widget-heading .elementor-heading-title.elementor-size-small{font-size:15px}.elementor-widget-heading .elementor-heading-title.elementor-size-medium{font-size:19px}.elementor-widget-heading .elementor-heading-title.elementor-size-large{font-size:29px}.elementor-widget-heading .elementor-heading-title.elementor-size-xl{font-size:39px}.elementor-widget-heading .elementor-heading-title.elementor-size-xxl{font-size:59px}<\/style><h2 class=\"elementor-heading-title elementor-size-default\">Creaci\u00f3 de  <font color=\"#EB712E\">estructures de formig\u00f3  <\/font> \nduraderas y resistentes en Cornell\u00e1<\/h2>\t\t<\/div>\n\t\t\t\t<\/div>\n\t\t\t\t\t<\/div>\n\t\t<\/div>\n\t\t\t\t\t<\/div>\n\t\t<\/section>\n\t\t\t\t<section class=\"elementor-section elementor-top-section elementor-element elementor-element-2b32a48 elementor-section-full_width elementor-section-height-default elementor-section-height-default wpr-particle-no wpr-jarallax-no wpr-parallax-no wpr-sticky-section-no\" data-id=\"2b32a48\" data-element_type=\"section\" data-settings=\"{&quot;background_background&quot;:&quot;classic&quot;}\">\n\t\t\t\t\t\t<div class=\"elementor-container elementor-column-gap-default\">\n\t\t\t\t\t<div class=\"elementor-column elementor-col-50 elementor-top-column elementor-element elementor-element-5b0038b\" data-id=\"5b0038b\" data-element_type=\"column\">\n\t\t\t<div class=\"elementor-widget-wrap elementor-element-populated\">\n\t\t\t\t\t\t<div class=\"elementor-element elementor-element-b38feaa elementor-widget__width-initial elementor-widget elementor-widget-text-editor\" data-id=\"b38feaa\" data-element_type=\"widget\" data-widget_type=\"text-editor.default\">\n\t\t\t\t<div class=\"elementor-widget-container\">\n\t\t\t\t\t\t\t<p>Encopec se posiciona como pionero en el mercado de creaci\u00f3n de estructuras de hormig\u00f3n, abarcando todo tipo de edificios, tanto privados como p\u00fablicos. Desde viviendas familiares hasta proyectos emblem\u00e1ticos como centrales nucleares y estadios, nuestra experiencia y know-how nos permiten enfrentar los desaf\u00edos m\u00e1s exigentes. Conf\u00eda en Encopec para materializar tus proyectos arquitect\u00f3nicos de cualquier magnitud con la m\u00e1s alta calidad y atenci\u00f3n al detalle.\u00a0 P\u00eddenos presupuesto sin compromiso.<\/p>\t\t\t\t\t\t<\/div>\n\t\t\t\t<\/div>\n\t\t\t\t\t<\/div>\n\t\t<\/div>\n\t\t\t\t<div class=\"elementor-column elementor-col-50 elementor-top-column elementor-element elementor-element-bca1dc7\" data-id=\"bca1dc7\" data-element_type=\"column\">\n\t\t\t<div class=\"elementor-widget-wrap\">\n\t\t\t\t\t\t\t<\/div>\n\t\t<\/div>\n\t\t\t\t\t<\/div>\n\t\t<\/section>\n\t\t<div class=\"elementor-element elementor-element-d681f01 e-flex e-con-boxed wpr-particle-no wpr-jarallax-no wpr-parallax-no wpr-sticky-section-no e-con e-parent\" data-id=\"d681f01\" data-element_type=\"container\">\n\t\t\t\t\t<div class=\"e-con-inner\">\n\t\t<div class=\"elementor-element elementor-element-038e1ec e-con-full e-flex wpr-particle-no wpr-jarallax-no wpr-parallax-no wpr-sticky-section-no e-con e-child\" data-id=\"038e1ec\" data-element_type=\"container\">\n\t\t\t\t<div class=\"elementor-element elementor-element-ceaea42 elementor-widget elementor-widget-text-editor\" data-id=\"ceaea42\" data-element_type=\"widget\" data-widget_type=\"text-editor.default\">\n\t\t\t\t<div class=\"elementor-widget-container\">\n\t\t\t\t\t\t\t<p><span style=\"font-family: Verdana, sans-serif;\">Realitzem tota mena d'estructures de formig\u00f3: <\/span><span style=\"font-family: Verdana, sans-serif;\">Edificaci\u00f3 d'habitatges, <\/span><span style=\"font-family: Verdana, sans-serif;\">cases unifamiliars, <\/span><span style=\"font-family: Verdana, sans-serif;\">edificis p\u00fablics, <\/span><span style=\"font-family: Verdana, sans-serif;\">oficines, <\/span><span style=\"font-family: Verdana, sans-serif;\">hotels, <\/span><span style=\"font-family: Verdana, sans-serif;\">centrals nuclears, hidroel\u00e8ctriques i t\u00e8rmiques i l<\/span><span style=\"font-family: Verdana, sans-serif;\">l\u00ednies d'alta velocitat.<\/span><\/p>\t\t\t\t\t\t<\/div>\n\t\t\t\t<\/div>\n\t\t\t\t<\/div>\n\t\t<div class=\"elementor-element elementor-element-be486cd e-con-full e-flex wpr-particle-no wpr-jarallax-no wpr-parallax-no wpr-sticky-section-no e-con e-child\" data-id=\"be486cd\" data-element_type=\"container\">\n\t\t\t\t<div class=\"elementor-element elementor-element-3a3a11f elementor-widget elementor-widget-image\" data-id=\"3a3a11f\" data-element_type=\"widget\" data-widget_type=\"image.default\">\n\t\t\t\t<div class=\"elementor-widget-container\">\n\t\t\t<style>\/*! elementor - v3.23.0 - 25-07-2024 *\/\n.elementor-widget-image{text-align:center}.elementor-widget-image a{display:inline-block}.elementor-widget-image a img[src$=\".svg\"]{width:48px}.elementor-widget-image img{vertical-align:middle;display:inline-block}<\/style>\t\t\t\t\t\t\t\t\t\t<img fetchpriority=\"high\" decoding=\"async\" width=\"800\" height=\"800\" src=\"https:\/\/encopec.es\/wp-content\/uploads\/2023\/06\/imagen_servicios2.jpg\" class=\"attachment-large size-large wp-image-409\" alt=\"imagen-servicios-creacion-encofrados-encopec\" srcset=\"https:\/\/encopec.es\/wp-content\/uploads\/2023\/06\/imagen_servicios2.jpg 800w, https:\/\/encopec.es\/wp-content\/uploads\/2023\/06\/imagen_servicios2-300x300.jpg 300w, https:\/\/encopec.es\/wp-content\/uploads\/2023\/06\/imagen_servicios2-150x150.jpg 150w, https:\/\/encopec.es\/wp-content\/uploads\/2023\/06\/imagen_servicios2-768x768.jpg 768w, https:\/\/encopec.es\/wp-content\/uploads\/2023\/06\/imagen_servicios2-12x12.jpg 12w, https:\/\/encopec.es\/wp-content\/uploads\/2023\/06\/imagen_servicios2-250x250.jpg 250w\" sizes=\"(max-width: 800px) 100vw, 800px\" \/>\t\t\t\t\t\t\t\t\t\t\t\t\t<\/div>\n\t\t\t\t<\/div>\n\t\t\t\t<\/div>\n\t\t\t\t\t<\/div>\n\t\t\t\t<\/div>\n\t\t\t\t<section class=\"elementor-section elementor-top-section elementor-element elementor-element-160adb6 elementor-section-boxed elementor-section-height-default elementor-section-height-default wpr-particle-no wpr-jarallax-no wpr-parallax-no wpr-sticky-section-no\" data-id=\"160adb6\" data-element_type=\"section\" data-settings=\"{&quot;background_background&quot;:&quot;classic&quot;}\">\n\t\t\t\t\t\t<div class=\"elementor-container elementor-column-gap-default\">\n\t\t\t\t\t<div class=\"elementor-column elementor-col-100 elementor-top-column elementor-element elementor-element-48d3a47\" data-id=\"48d3a47\" data-element_type=\"column\">\n\t\t\t<div class=\"elementor-widget-wrap elementor-element-populated\">\n\t\t\t\t\t\t<div class=\"elementor-element elementor-element-56c5b21 elementor-widget__width-inherit elementor-widget elementor-widget-text-editor\" data-id=\"56c5b21\" data-element_type=\"widget\" data-widget_type=\"text-editor.default\">\n\t\t\t\t<div class=\"elementor-widget-container\">\n\t\t\t\t\t\t\t<p>contacte<\/p>\t\t\t\t\t\t<\/div>\n\t\t\t\t<\/div>\n\t\t\t\t<div class=\"elementor-element elementor-element-82d2933 elementor-widget elementor-widget-heading\" data-id=\"82d2933\" data-element_type=\"widget\" data-widget_type=\"heading.default\">\n\t\t\t\t<div class=\"elementor-widget-container\">\n\t\t\t<h2 class=\"elementor-heading-title elementor-size-default\">No esperis m\u00e9s i posa't<br> en  <font color=\"#EB712E\">contacte amb nosaltres<\/font> avui mateix<\/h2>\t\t<\/div>\n\t\t\t\t<\/div>\n\t\t\t\t<div class=\"elementor-element elementor-element-2b42b1f elementor-align-center elementor-invisible elementor-widget elementor-widget-button\" data-id=\"2b42b1f\" data-element_type=\"widget\" data-settings=\"{&quot;_animation&quot;:&quot;fadeInDown&quot;}\" data-widget_type=\"button.default\">\n\t\t\t\t<div class=\"elementor-widget-container\">\n\t\t\t\t\t<div class=\"elementor-button-wrapper\">\n\t\t\t<a class=\"elementor-button elementor-button-link elementor-size-sm\" href=\"https:\/\/encopec.es\/ca\/contacto\/\">\n\t\t\t\t\t\t<span class=\"elementor-button-content-wrapper\">\n\t\t\t\t\t\t\t\t\t<span class=\"elementor-button-text\">Contactar<\/span>\n\t\t\t\t\t<\/span>\n\t\t\t\t\t<\/a>\n\t\t<\/div>\n\t\t\t\t<\/div>\n\t\t\t\t<\/div>\n\t\t\t\t\t<\/div>\n\t\t<\/div>\n\t\t\t\t\t<\/div>\n\t\t<\/section>\n\t\t<div class=\"elementor-element elementor-element-20fe9d5 e-flex e-con-boxed wpr-particle-no wpr-jarallax-no wpr-parallax-no wpr-sticky-section-no e-con e-parent\" data-id=\"20fe9d5\" data-element_type=\"container\">\n\t\t\t\t\t<div class=\"e-con-inner\">\n\t\t\t\t<div class=\"elementor-element elementor-element-6f0b175 elementor-widget elementor-widget-image\" data-id=\"6f0b175\" data-element_type=\"widget\" data-widget_type=\"image.default\">\n\t\t\t\t<div class=\"elementor-widget-container\">\n\t\t\t\t\t\t\t\t\t\t\t\t\t\t<a href=\"https:\/\/www.vmsis.es\/kit-digital-para-pymes\/sitio-web-y-presencia-en-internet\/\">\n\t\t\t\t\t\t\t<img decoding=\"async\" width=\"800\" height=\"123\" src=\"https:\/\/encopec.es\/wp-content\/uploads\/2023\/06\/logos-programa-kitdigital-1024x158.png\" class=\"attachment-large size-large wp-image-251\" alt=\"logos-programa-kitdigital\" srcset=\"https:\/\/encopec.es\/wp-content\/uploads\/2023\/06\/logos-programa-kitdigital-1024x158.png 1024w, https:\/\/encopec.es\/wp-content\/uploads\/2023\/06\/logos-programa-kitdigital-300x46.png 300w, https:\/\/encopec.es\/wp-content\/uploads\/2023\/06\/logos-programa-kitdigital-768x118.png 768w, https:\/\/encopec.es\/wp-content\/uploads\/2023\/06\/logos-programa-kitdigital-1536x236.png 1536w, https:\/\/encopec.es\/wp-content\/uploads\/2023\/06\/logos-programa-kitdigital-2048x315.png 2048w, https:\/\/encopec.es\/wp-content\/uploads\/2023\/06\/logos-programa-kitdigital-18x3.png 18w\" sizes=\"(max-width: 800px) 100vw, 800px\" \/>\t\t\t\t\t\t\t\t<\/a>\n\t\t\t\t\t\t\t\t\t\t\t\t\t<\/div>\n\t\t\t\t<\/div>\n\t\t\t\t\t<\/div>\n\t\t\t\t<\/div>\n\t\t\t\t<footer class=\"elementor-section elementor-top-section elementor-element elementor-element-6393b19 elementor-section-height-min-height elementor-section-content-middle elementor-section-full_width elementor-section-height-default elementor-section-items-middle wpr-particle-no wpr-jarallax-no wpr-parallax-no wpr-sticky-section-no\" data-id=\"6393b19\" data-element_type=\"section\" data-settings=\"{&quot;background_background&quot;:&quot;classic&quot;,&quot;shape_divider_top&quot;:&quot;arrow&quot;}\">\n\t\t\t\t\t<div class=\"elementor-shape elementor-shape-top\" data-negative=\"false\">\n\t\t\t<svg xmlns=\"http:\/\/www.w3.org\/2000\/svg\" viewbox=\"0 0 700 10\" preserveaspectratio=\"none\">\n\t<path class=\"elementor-shape-fill\" d=\"M350,10L340,0h20L350,10z\"\/>\n<\/svg>\t\t<\/div>\n\t\t\t\t\t<div class=\"elementor-container elementor-column-gap-no\">\n\t\t\t\t\t<div class=\"elementor-column elementor-col-50 elementor-top-column elementor-element elementor-element-ff9b006\" data-id=\"ff9b006\" data-element_type=\"column\">\n\t\t\t<div class=\"elementor-widget-wrap elementor-element-populated\">\n\t\t\t\t\t\t<div class=\"elementor-element elementor-element-7aff41c elementor-align-right elementor-widget elementor-widget-button\" data-id=\"7aff41c\" data-element_type=\"widget\" data-widget_type=\"button.default\">\n\t\t\t\t<div class=\"elementor-widget-container\">\n\t\t\t\t\t<div class=\"elementor-button-wrapper\">\n\t\t\t<a class=\"elementor-button elementor-button-link elementor-size-sm\" href=\"https:\/\/encopec.es\/ca\/politica-privacidad\/\">\n\t\t\t\t\t\t<span class=\"elementor-button-content-wrapper\">\n\t\t\t\t\t\t\t\t\t<span class=\"elementor-button-text\">Pol\u00edtica de privacidad<\/span>\n\t\t\t\t\t<\/span>\n\t\t\t\t\t<\/a>\n\t\t<\/div>\n\t\t\t\t<\/div>\n\t\t\t\t<\/div>\n\t\t\t\t\t<\/div>\n\t\t<\/div>\n\t\t\t\t<div class=\"elementor-column elementor-col-50 elementor-top-column elementor-element elementor-element-eff992d\" data-id=\"eff992d\" data-element_type=\"column\">\n\t\t\t<div class=\"elementor-widget-wrap elementor-element-populated\">\n\t\t\t\t\t\t<div class=\"elementor-element elementor-element-8e9eec3 elementor-widget elementor-widget-heading\" data-id=\"8e9eec3\" data-element_type=\"widget\" data-widget_type=\"heading.default\">\n\t\t\t\t<div class=\"elementor-widget-container\">\n\t\t\t<p class=\"elementor-heading-title elementor-size-default\"><a href=\"https:\/\/www.vmsis.es\/\">\u00a9 2023 Web creada per Vmsis<\/a><\/p>\t\t<\/div>\n\t\t\t\t<\/div>\n\t\t\t\t\t<\/div>\n\t\t<\/div>\n\t\t\t\t\t<\/div>\n\t\t<\/footer>\n\t\t\t\t<\/div>","protected":false},"excerpt":{"rendered":"<p>estructuras de hormig\u00f3n Creaci\u00f3n de estructuras de hormig\u00f3n duraderas y resistentes en Cornell\u00e1 Encopec se posiciona como pionero en el mercado de creaci\u00f3n de estructuras de hormig\u00f3n, abarcando todo tipo de edificios, tanto privados como p\u00fablicos. Desde viviendas familiares hasta proyectos emblem\u00e1ticos como centrales nucleares y estadios, nuestra experiencia y know-how nos permiten enfrentar los desaf\u00edos m\u00e1s exigentes. Conf\u00eda en Encopec para materializar tus proyectos arquitect\u00f3nicos de cualquier magnitud con la m\u00e1s alta calidad y atenci\u00f3n al detalle.&nbsp; P\u00eddenos presupuesto sin compromiso. Realizamos todo tipo de estructuras de hormig\u00f3n: Edificaci\u00f3n de viviendas, casas unifamiliares, edificios p\u00fablicos, oficinas, hoteles, centrales nucleares, hidroel\u00e9ctricas y t\u00e9rmicas y l\u00edneas de alta velocidad. contacto No esperes m\u00e1s y ponte en contacto con nosotros hoy mismo Contactar Pol\u00edtica de privacidad \u00a9 2023 Web creada por Vmsis<\/p>","protected":false},"author":1,"featured_media":0,"parent":0,"menu_order":0,"comment_status":"closed","ping_status":"closed","template":"elementor_header_footer","meta":{"_eb_attr":"","footnotes":""},"class_list":["post-439","page","type-page","status-publish","hentry"],"yoast_head":"<!-- This site is optimized with the Yoast SEO plugin v23.1 - https:\/\/yoast.com\/wordpress\/plugins\/seo\/ -->\n<title>Creaci\u00f3n de estructuras de hormig\u00f3n - Encopec<\/title>\n<meta name=\"description\" content=\"Encopec, con sede en Cornell\u00e1 de Llobregat, se especializa en la creaci\u00f3n de estructuras de hormig\u00f3n duraderas y personalizadas. Nuestro equipo experto utiliza t\u00e9cnicas innovadoras y materiales de calidad para garantizar resultados excepcionales en cada proyecto. Conf\u00eda en nosotros para construir estructuras s\u00f3lidas y funcionales a medida.\" \/>\n<meta name=\"robots\" content=\"index, follow, max-snippet:-1, max-image-preview:large, max-video-preview:-1\" \/>\n<link rel=\"canonical\" href=\"https:\/\/encopec.es\/ca\/creacion-de-estructuras-de-hormigon\/\" \/>\n<meta property=\"og:locale\" content=\"ca_ES\" \/>\n<meta property=\"og:type\" content=\"article\" \/>\n<meta property=\"og:title\" content=\"Creaci\u00f3n de estructuras de hormig\u00f3n - Encopec\" \/>\n<meta property=\"og:description\" content=\"Encopec, con sede en Cornell\u00e1 de Llobregat, se especializa en la creaci\u00f3n de estructuras de hormig\u00f3n duraderas y personalizadas. Nuestro equipo experto utiliza t\u00e9cnicas innovadoras y materiales de calidad para garantizar resultados excepcionales en cada proyecto. Conf\u00eda en nosotros para construir estructuras s\u00f3lidas y funcionales a medida.\" \/>\n<meta property=\"og:url\" content=\"https:\/\/encopec.es\/ca\/creacion-de-estructuras-de-hormigon\/\" \/>\n<meta property=\"og:site_name\" content=\"Encopec\" \/>\n<meta property=\"article:modified_time\" content=\"2023-07-14T14:08:18+00:00\" \/>\n<meta property=\"og:image\" content=\"https:\/\/encopec.es\/wp-content\/uploads\/2023\/06\/imagen_servicios2.jpg\" \/>\n<meta name=\"twitter:card\" content=\"summary_large_image\" \/>\n<meta name=\"twitter:label1\" content=\"Temps estimat de lectura\" \/>\n\t<meta name=\"twitter:data1\" content=\"1 minut\" \/>\n<script type=\"application\/ld+json\" class=\"yoast-schema-graph\">{\"@context\":\"https:\/\/schema.org\",\"@graph\":[{\"@type\":\"WebPage\",\"@id\":\"https:\/\/encopec.es\/creacion-de-estructuras-de-hormigon\/\",\"url\":\"https:\/\/encopec.es\/creacion-de-estructuras-de-hormigon\/\",\"name\":\"Creaci\u00f3n de estructuras de hormig\u00f3n - Encopec\",\"isPartOf\":{\"@id\":\"https:\/\/encopec.es\/#website\"},\"primaryImageOfPage\":{\"@id\":\"https:\/\/encopec.es\/creacion-de-estructuras-de-hormigon\/#primaryimage\"},\"image\":{\"@id\":\"https:\/\/encopec.es\/creacion-de-estructuras-de-hormigon\/#primaryimage\"},\"thumbnailUrl\":\"https:\/\/encopec.es\/wp-content\/uploads\/2023\/06\/imagen_servicios2.jpg\",\"datePublished\":\"2023-06-29T08:51:14+00:00\",\"dateModified\":\"2023-07-14T14:08:18+00:00\",\"description\":\"Encopec, con sede en Cornell\u00e1 de Llobregat, se especializa en la creaci\u00f3n de estructuras de hormig\u00f3n duraderas y personalizadas. Nuestro equipo experto utiliza t\u00e9cnicas innovadoras y materiales de calidad para garantizar resultados excepcionales en cada proyecto. Conf\u00eda en nosotros para construir estructuras s\u00f3lidas y funcionales a medida.\",\"breadcrumb\":{\"@id\":\"https:\/\/encopec.es\/creacion-de-estructuras-de-hormigon\/#breadcrumb\"},\"inLanguage\":\"ca\",\"potentialAction\":[{\"@type\":\"ReadAction\",\"target\":[\"https:\/\/encopec.es\/creacion-de-estructuras-de-hormigon\/\"]}]},{\"@type\":\"ImageObject\",\"inLanguage\":\"ca\",\"@id\":\"https:\/\/encopec.es\/creacion-de-estructuras-de-hormigon\/#primaryimage\",\"url\":\"https:\/\/encopec.es\/wp-content\/uploads\/2023\/06\/imagen_servicios2.jpg\",\"contentUrl\":\"https:\/\/encopec.es\/wp-content\/uploads\/2023\/06\/imagen_servicios2.jpg\"},{\"@type\":\"BreadcrumbList\",\"@id\":\"https:\/\/encopec.es\/creacion-de-estructuras-de-hormigon\/#breadcrumb\",\"itemListElement\":[{\"@type\":\"ListItem\",\"position\":1,\"name\":\"Portada\",\"item\":\"https:\/\/encopec.es\/\"},{\"@type\":\"ListItem\",\"position\":2,\"name\":\"Creaci\u00f3n de estructuras de hormig\u00f3n\"}]},{\"@type\":\"WebSite\",\"@id\":\"https:\/\/encopec.es\/#website\",\"url\":\"https:\/\/encopec.es\/\",\"name\":\"Encopec\",\"description\":\"Expertos en encofrados\",\"publisher\":{\"@id\":\"https:\/\/encopec.es\/#organization\"},\"potentialAction\":[{\"@type\":\"SearchAction\",\"target\":{\"@type\":\"EntryPoint\",\"urlTemplate\":\"https:\/\/encopec.es\/?s={search_term_string}\"},\"query-input\":\"required name=search_term_string\"}],\"inLanguage\":\"ca\"},{\"@type\":\"Organization\",\"@id\":\"https:\/\/encopec.es\/#organization\",\"name\":\"Encopec\",\"url\":\"https:\/\/encopec.es\/\",\"logo\":{\"@type\":\"ImageObject\",\"inLanguage\":\"ca\",\"@id\":\"https:\/\/encopec.es\/#\/schema\/logo\/image\/\",\"url\":\"https:\/\/encopec.es\/wp-content\/uploads\/2023\/06\/LOGO-NUEVO-scaled.jpg\",\"contentUrl\":\"https:\/\/encopec.es\/wp-content\/uploads\/2023\/06\/LOGO-NUEVO-scaled.jpg\",\"width\":2560,\"height\":1244,\"caption\":\"Encopec\"},\"image\":{\"@id\":\"https:\/\/encopec.es\/#\/schema\/logo\/image\/\"}}]}<\/script>\n<!-- \/ Yoast SEO plugin. -->","yoast_head_json":{"title":"Creaci\u00f3n de estructuras de hormig\u00f3n - Encopec","description":"Encopec, con sede en Cornell\u00e1 de Llobregat, se especializa en la creaci\u00f3n de estructuras de hormig\u00f3n duraderas y personalizadas. Nuestro equipo experto utiliza t\u00e9cnicas innovadoras y materiales de calidad para garantizar resultados excepcionales en cada proyecto. Conf\u00eda en nosotros para construir estructuras s\u00f3lidas y funcionales a medida.","robots":{"index":"index","follow":"follow","max-snippet":"max-snippet:-1","max-image-preview":"max-image-preview:large","max-video-preview":"max-video-preview:-1"},"canonical":"https:\/\/encopec.es\/ca\/creacion-de-estructuras-de-hormigon\/","og_locale":"ca_ES","og_type":"article","og_title":"Creaci\u00f3n de estructuras de hormig\u00f3n - Encopec","og_description":"Encopec, con sede en Cornell\u00e1 de Llobregat, se especializa en la creaci\u00f3n de estructuras de hormig\u00f3n duraderas y personalizadas. Nuestro equipo experto utiliza t\u00e9cnicas innovadoras y materiales de calidad para garantizar resultados excepcionales en cada proyecto. Conf\u00eda en nosotros para construir estructuras s\u00f3lidas y funcionales a medida.","og_url":"https:\/\/encopec.es\/ca\/creacion-de-estructuras-de-hormigon\/","og_site_name":"Encopec","article_modified_time":"2023-07-14T14:08:18+00:00","og_image":[{"url":"https:\/\/encopec.es\/wp-content\/uploads\/2023\/06\/imagen_servicios2.jpg"}],"twitter_card":"summary_large_image","twitter_misc":{"Temps estimat de lectura":"1 minut"},"schema":{"@context":"https:\/\/schema.org","@graph":[{"@type":"WebPage","@id":"https:\/\/encopec.es\/creacion-de-estructuras-de-hormigon\/","url":"https:\/\/encopec.es\/creacion-de-estructuras-de-hormigon\/","name":"Creaci\u00f3n de estructuras de hormig\u00f3n - Encopec","isPartOf":{"@id":"https:\/\/encopec.es\/#website"},"primaryImageOfPage":{"@id":"https:\/\/encopec.es\/creacion-de-estructuras-de-hormigon\/#primaryimage"},"image":{"@id":"https:\/\/encopec.es\/creacion-de-estructuras-de-hormigon\/#primaryimage"},"thumbnailUrl":"https:\/\/encopec.es\/wp-content\/uploads\/2023\/06\/imagen_servicios2.jpg","datePublished":"2023-06-29T08:51:14+00:00","dateModified":"2023-07-14T14:08:18+00:00","description":"Encopec, con sede en Cornell\u00e1 de Llobregat, se especializa en la creaci\u00f3n de estructuras de hormig\u00f3n duraderas y personalizadas. Nuestro equipo experto utiliza t\u00e9cnicas innovadoras y materiales de calidad para garantizar resultados excepcionales en cada proyecto. Conf\u00eda en nosotros para construir estructuras s\u00f3lidas y funcionales a medida.","breadcrumb":{"@id":"https:\/\/encopec.es\/creacion-de-estructuras-de-hormigon\/#breadcrumb"},"inLanguage":"ca","potentialAction":[{"@type":"ReadAction","target":["https:\/\/encopec.es\/creacion-de-estructuras-de-hormigon\/"]}]},{"@type":"ImageObject","inLanguage":"ca","@id":"https:\/\/encopec.es\/creacion-de-estructuras-de-hormigon\/#primaryimage","url":"https:\/\/encopec.es\/wp-content\/uploads\/2023\/06\/imagen_servicios2.jpg","contentUrl":"https:\/\/encopec.es\/wp-content\/uploads\/2023\/06\/imagen_servicios2.jpg"},{"@type":"BreadcrumbList","@id":"https:\/\/encopec.es\/creacion-de-estructuras-de-hormigon\/#breadcrumb","itemListElement":[{"@type":"ListItem","position":1,"name":"Portada","item":"https:\/\/encopec.es\/"},{"@type":"ListItem","position":2,"name":"Creaci\u00f3n de estructuras de hormig\u00f3n"}]},{"@type":"WebSite","@id":"https:\/\/encopec.es\/#website","url":"https:\/\/encopec.es\/","name":"Encopec","description":"Expertos en encofrados","publisher":{"@id":"https:\/\/encopec.es\/#organization"},"potentialAction":[{"@type":"SearchAction","target":{"@type":"EntryPoint","urlTemplate":"https:\/\/encopec.es\/?s={search_term_string}"},"query-input":"required name=search_term_string"}],"inLanguage":"ca"},{"@type":"Organization","@id":"https:\/\/encopec.es\/#organization","name":"Encopec","url":"https:\/\/encopec.es\/","logo":{"@type":"ImageObject","inLanguage":"ca","@id":"https:\/\/encopec.es\/#\/schema\/logo\/image\/","url":"https:\/\/encopec.es\/wp-content\/uploads\/2023\/06\/LOGO-NUEVO-scaled.jpg","contentUrl":"https:\/\/encopec.es\/wp-content\/uploads\/2023\/06\/LOGO-NUEVO-scaled.jpg","width":2560,"height":1244,"caption":"Encopec"},"image":{"@id":"https:\/\/encopec.es\/#\/schema\/logo\/image\/"}}]}},"_links":{"self":[{"href":"https:\/\/encopec.es\/ca\/wp-json\/wp\/v2\/pages\/439","targetHints":{"allow":["GET"]}}],"collection":[{"href":"https:\/\/encopec.es\/ca\/wp-json\/wp\/v2\/pages"}],"about":[{"href":"https:\/\/encopec.es\/ca\/wp-json\/wp\/v2\/types\/page"}],"author":[{"embeddable":true,"href":"https:\/\/encopec.es\/ca\/wp-json\/wp\/v2\/users\/1"}],"replies":[{"embeddable":true,"href":"https:\/\/encopec.es\/ca\/wp-json\/wp\/v2\/comments?post=439"}],"version-history":[{"count":57,"href":"https:\/\/encopec.es\/ca\/wp-json\/wp\/v2\/pages\/439\/revisions"}],"predecessor-version":[{"id":1215,"href":"https:\/\/encopec.es\/ca\/wp-json\/wp\/v2\/pages\/439\/revisions\/1215"}],"wp:attachment":[{"href":"https:\/\/encopec.es\/ca\/wp-json\/wp\/v2\/media?parent=439"}],"curies":[{"name":"wp","href":"https:\/\/api.w.org\/{rel}","templated":true}]}}